{"id":28,"date":"2021-11-27T23:09:44","date_gmt":"2021-11-27T23:09:44","guid":{"rendered":"https:\/\/melarat.net\/?page_id=28"},"modified":"2026-01-09T14:03:00","modified_gmt":"2026-01-09T14:03:00","slug":"home","status":"publish","type":"page","link":"https:\/\/melarat.net\/","title":{"rendered":"Etusivu"},"content":{"rendered":"\n<div class=\"wp-block-columns container is-layout-flex wp-container-core-columns-is-layout-28f84493 wp-block-columns-is-layout-flex\">\n<div class=\"wp-block-column is-layout-flow wp-block-column-is-layout-flow\">\n<div class=\"wp-block-columns is-layout-flex wp-container-core-columns-is-layout-28f84493 wp-block-columns-is-layout-flex\">\n<div class=\"wp-block-column is-layout-flow wp-block-column-is-layout-flow\">\n<div class=\"wp-block-cover has-custom-content-position is-position-bottom-center\"><img loading=\"lazy\" decoding=\"async\" width=\"768\" height=\"1024\" class=\"wp-block-cover__image-background wp-image-678 size-large\" alt=\"\" src=\"https:\/\/melarat.net\/wp-content\/uploads\/2025\/08\/IidaSofiaJaPrada-768x1024.jpg\" style=\"object-position:42% 35%\" data-object-fit=\"cover\" data-object-position=\"42% 35%\" srcset=\"https:\/\/melarat.net\/wp-content\/uploads\/2025\/08\/IidaSofiaJaPrada-768x1024.jpg 768w, https:\/\/melarat.net\/wp-content\/uploads\/2025\/08\/IidaSofiaJaPrada-225x300.jpg 225w, https:\/\/melarat.net\/wp-content\/uploads\/2025\/08\/IidaSofiaJaPrada-300x400.jpg 300w, https:\/\/melarat.net\/wp-content\/uploads\/2025\/08\/IidaSofiaJaPrada-1152x1536.jpg 1152w, https:\/\/melarat.net\/wp-content\/uploads\/2025\/08\/IidaSofiaJaPrada.jpg 1200w\" sizes=\"auto, (max-width: 768px) 100vw, 768px\" \/><span aria-hidden=\"true\" class=\"wp-block-cover__background has-background-dim-20 has-background-dim\" style=\"background-color:#827f74\"><\/span><div class=\"wp-block-cover__inner-container is-layout-flow wp-block-cover-is-layout-flow\">\n<div class=\"wp-block-buttons is-content-justification-center is-layout-flex wp-container-core-buttons-is-layout-a89b3969 wp-block-buttons-is-layout-flex\">\n<div class=\"wp-block-button\"><a class=\"wp-block-button__link has-accent-background-color has-background wp-element-button\" href=\"https:\/\/melarat.net\/index.php\/kilpaileminen\/\">Kilpaileminen<\/a><\/div>\n<\/div>\n<\/div><\/div>\n<\/div>\n\n\n\n<div class=\"wp-block-column is-layout-flow wp-block-column-is-layout-flow\">\n<div class=\"wp-block-cover is-light has-custom-content-position is-position-bottom-center\"><img loading=\"lazy\" decoding=\"async\" width=\"1600\" height=\"1258\" class=\"wp-block-cover__image-background wp-image-541\" alt=\"\" src=\"https:\/\/melarat.net\/wp-content\/uploads\/2023\/12\/NelliJaKoppis1.jpg\" data-object-fit=\"cover\" srcset=\"https:\/\/melarat.net\/wp-content\/uploads\/2023\/12\/NelliJaKoppis1.jpg 1600w, https:\/\/melarat.net\/wp-content\/uploads\/2023\/12\/NelliJaKoppis1-300x236.jpg 300w, https:\/\/melarat.net\/wp-content\/uploads\/2023\/12\/NelliJaKoppis1-1024x805.jpg 1024w, https:\/\/melarat.net\/wp-content\/uploads\/2023\/12\/NelliJaKoppis1-768x604.jpg 768w, https:\/\/melarat.net\/wp-content\/uploads\/2023\/12\/NelliJaKoppis1-1536x1208.jpg 1536w\" sizes=\"auto, (max-width: 1600px) 100vw, 1600px\" \/><span aria-hidden=\"true\" class=\"wp-block-cover__background has-background-dim-20 has-background-dim\"><\/span><div class=\"wp-block-cover__inner-container is-layout-flow wp-block-cover-is-layout-flow\">\n<div class=\"wp-block-buttons is-content-justification-center is-layout-flex wp-container-core-buttons-is-layout-a89b3969 wp-block-buttons-is-layout-flex\">\n<div class=\"wp-block-button\"><a class=\"wp-block-button__link has-accent-background-color has-background wp-element-button\" href=\"https:\/\/melarat.net\/index.php\/valmentautuminen\/\">Valmentautuminen<\/a><\/div>\n<\/div>\n<\/div><\/div>\n<\/div>\n<\/div>\n<\/div>\n<\/div>\n\n\n\n<hr class=\"wp-block-separator has-text-color has-background-color-color has-css-opacity has-background-color-background-color has-background alignfull is-style-wide\"\/>\n\n\n\n<div class=\"wp-block-columns is-layout-flex wp-container-core-columns-is-layout-28f84493 wp-block-columns-is-layout-flex\">\n<div class=\"wp-block-column is-layout-flow wp-block-column-is-layout-flow\" style=\"flex-basis:50%\">\n<h1 class=\"wp-block-heading has-text-align-center\" id=\"liity-jaseneksi\">Liity j\u00e4seneksi<\/h1>\n\n\n\n<p class=\"has-text-align-center has-black-color has-text-color has-medium-font-size\">Jokaisen s\u00e4\u00e4nn\u00f6llisesti ratsastuskoulussa tunnilla k\u00e4yv\u00e4n on suositeltavaa kuulua johonkin ratsastusseuraan. Jos haluat kilpailla, sinun on oltava ratsastusseuran j\u00e4sen. <br>Liity MeLaRan aktiiviseen ja hullun hauskaan seuraan!<\/p>\n\n\n\n<div style=\"height:28px\" aria-hidden=\"true\" class=\"wp-block-spacer\"><\/div>\n\n\n\n<div class=\"wp-block-buttons alignwide is-content-justification-center is-layout-flex wp-container-core-buttons-is-layout-a89b3969 wp-block-buttons-is-layout-flex\">\n<div class=\"wp-block-button has-custom-font-size has-medium-font-size aligncenter\"><a class=\"wp-block-button__link has-white-color has-accent-background-color has-text-color has-background wp-element-button\" href=\"https:\/\/melarat.net\/index.php\/liity-jaseneksi\/\">Tutustu j\u00e4senyyteen<\/a><\/div>\n<\/div>\n\n\n\n<div style=\"height:100px\" aria-hidden=\"true\" class=\"wp-block-spacer\"><\/div>\n<\/div>\n\n\n\n<div class=\"wp-block-column is-layout-flow wp-block-column-is-layout-flow\" style=\"flex-basis:50%\"><div class=\"wp-block-image wp-block-image aligncenter size-large is-resized is-style-rounded\">\n<figure ><img loading=\"lazy\" decoding=\"async\" width=\"683\" height=\"1024\" src=\"https:\/\/melarat.net\/wp-content\/uploads\/2022\/02\/242142888_1090507464687127_6095406036839904834_n-1-683x1024.jpg\" alt=\"\" class=\"wp-image-122\" srcset=\"https:\/\/melarat.net\/wp-content\/uploads\/2022\/02\/242142888_1090507464687127_6095406036839904834_n-1-683x1024.jpg 683w, https:\/\/melarat.net\/wp-content\/uploads\/2022\/02\/242142888_1090507464687127_6095406036839904834_n-1-200x300.jpg 200w, https:\/\/melarat.net\/wp-content\/uploads\/2022\/02\/242142888_1090507464687127_6095406036839904834_n-1.jpg 768w\" sizes=\"auto, (max-width: 683px) 100vw, 683px\" \/><\/figure>\n<\/div><\/div>\n<\/div>\n\n\n\n<h2 class=\"wp-block-heading\">Yhteisty\u00f6kumppanimme<\/h2>\n\n\n\n<figure class=\"wp-block-image size-large\"><img loading=\"lazy\" decoding=\"async\" width=\"1024\" height=\"577\" src=\"https:\/\/melarat.net\/wp-content\/uploads\/2026\/01\/Yhteistyo2026-1024x577.jpg\" alt=\"\" class=\"wp-image-738\" srcset=\"https:\/\/melarat.net\/wp-content\/uploads\/2026\/01\/Yhteistyo2026-1024x577.jpg 1024w, https:\/\/melarat.net\/wp-content\/uploads\/2026\/01\/Yhteistyo2026-300x169.jpg 300w, https:\/\/melarat.net\/wp-content\/uploads\/2026\/01\/Yhteistyo2026-768x433.jpg 768w, https:\/\/melarat.net\/wp-content\/uploads\/2026\/01\/Yhteistyo2026-1536x865.jpg 1536w, https:\/\/melarat.net\/wp-content\/uploads\/2026\/01\/Yhteistyo2026.jpg 1640w\" sizes=\"auto, (max-width: 1024px) 100vw, 1024px\" \/><\/figure>\n","protected":false},"excerpt":{"rendered":"<p>Liity j\u00e4seneksi Jokaisen s\u00e4\u00e4nn\u00f6llisesti ratsastuskoulussa tunnilla k\u00e4yv\u00e4n on suositeltavaa kuulua johonkin ratsastusseuraan. Jos haluat kilpailla, sinun on oltava ratsastusseuran j\u00e4sen. Liity MeLaRan aktiiviseen ja hullun hauskaan seuraan! Yhteisty\u00f6kumppanimme<\/p>\n","protected":false},"author":1,"featured_media":0,"parent":0,"menu_order":0,"comment_status":"closed","ping_status":"closed","template":"","meta":{"footnotes":""},"class_list":["post-28","page","type-page","status-publish","hentry"],"_links":{"self":[{"href":"https:\/\/melarat.net\/index.php\/wp-json\/wp\/v2\/pages\/28","targetHints":{"allow":["GET"]}}],"collection":[{"href":"https:\/\/melarat.net\/index.php\/wp-json\/wp\/v2\/pages"}],"about":[{"href":"https:\/\/melarat.net\/index.php\/wp-json\/wp\/v2\/types\/page"}],"author":[{"embeddable":true,"href":"https:\/\/melarat.net\/index.php\/wp-json\/wp\/v2\/users\/1"}],"replies":[{"embeddable":true,"href":"https:\/\/melarat.net\/index.php\/wp-json\/wp\/v2\/comments?post=28"}],"version-history":[{"count":53,"href":"https:\/\/melarat.net\/index.php\/wp-json\/wp\/v2\/pages\/28\/revisions"}],"predecessor-version":[{"id":739,"href":"https:\/\/melarat.net\/index.php\/wp-json\/wp\/v2\/pages\/28\/revisions\/739"}],"wp:attachment":[{"href":"https:\/\/melarat.net\/index.php\/wp-json\/wp\/v2\/media?parent=28"}],"curies":[{"name":"wp","href":"https:\/\/api.w.org\/{rel}","templated":true}]}}