{"id":65,"date":"2022-02-19T12:17:00","date_gmt":"2022-02-19T12:17:00","guid":{"rendered":"https:\/\/melarat.net\/?page_id=65"},"modified":"2025-12-15T13:29:05","modified_gmt":"2025-12-15T13:29:05","slug":"liity-jaseneksi","status":"publish","type":"page","link":"https:\/\/melarat.net\/index.php\/liity-jaseneksi\/","title":{"rendered":"Liity j\u00e4seneksi"},"content":{"rendered":"\n<p>Jokaisen s\u00e4\u00e4nn\u00f6llisesti ratsastuskoulussa tunnilla k\u00e4yv\u00e4n on suositeltavaa kuulua johonkin ratsastusseuraan. Jos haluat kilpailla, sinun on oltava jonkin SRL:n ratsastusseuran j\u00e4sen. <br>Liity MeLaRan aktiiviseen ja hullun hauskaan seuraan!<br><br>Jos haluat kysy\u00e4 seuran toimintaan tai j\u00e4senyyteen liittyvist\u00e4 asioista, ota yhteytt\u00e4 j\u00e4sensihteeriimme Krisseen: <a href=\"mailto:kristiina.rauma@gmail.com\">kristiina.rauma@gmail.com<\/a>, puh 040-505 2683.<\/p>\n\n\n\n<h3 class=\"wp-block-heading\">J\u00e4senedut:<\/h3>\n\n\n\n<p>MeLaRa:n j\u00e4senen\u00e4:<\/p>\n\n\n\n<ul class=\"wp-block-list\">\n<li>saat kattavan SRL-vakuutuksen<\/li>\n\n\n\n<li>saat Meri-Lapin Hevospalvelun ratsastustunneista alennusta<\/li>\n\n\n\n<li>voit osallistua ratsastuskilpailuihin (ilman j\u00e4senyytt\u00e4 osallistuminen ei ole mahdollista!)<\/li>\n\n\n\n<li>voit suorittaa SRL:n ratsastusmerkkej\u00e4<\/li>\n\n\n\n<li>saat Hippos-lehden kotiisi<\/li>\n\n\n\n<li>p\u00e4\u00e4set j\u00e4rjest\u00e4m\u00e4\u00e4n kilpailuja kokeneessa seurassa ja opit uusia taitoja.<\/li>\n\n\n\n<li>saat alennusta Meri-Lapin ratsastajien valmennuksista<\/li>\n\n\n\n<li>voit saada talkooleimoja kilpailuj\u00e4rjestely, toimihenkil\u00f6- ja talkooteht\u00e4vist\u00e4. T\u00e4ydell\u00e4 talkoopassilla voit maksaa mm. seuran j\u00e4rjest\u00e4mi\u00e4 valmennuksia ja myynniss\u00e4 olevia seuravaatteita.<\/li>\n\n\n\n<li>Seuran vaatteita voit tilata suoraan nettikaupasta <a href=\"https:\/\/shop.painatusaxa.fi\/\" data-type=\"link\" data-id=\"https:\/\/shop.painatusaxa.fi\/\">https:\/\/shop.painatusaxa.fi\/<\/a><\/li>\n<\/ul>\n\n\n\n<div class=\"wp-block-columns is-layout-flex wp-container-core-columns-is-layout-28f84493 wp-block-columns-is-layout-flex\">\n<div class=\"wp-block-column is-layout-flow wp-block-column-is-layout-flow\">\n<h3 class=\"wp-block-heading\">J\u00e4senmaksut 2026<\/h3>\n\n\n\n<ul class=\"wp-block-list\">\n<li>Juniorin j\u00e4senmaksu 51 \u20ac<\/li>\n\n\n\n<li>Seniorin j\u00e4senmaksu 62 \u20ac<\/li>\n\n\n\n<li>Perheenj\u00e4sen 30 \u20ac<\/li>\n<\/ul>\n\n\n\n<p>Huom! Perheenj\u00e4senet eiv\u00e4t saa Hippos-lehte\u00e4, kansallista kilpailulupaa eik\u00e4 toimihenkil\u00f6oikeuksia.<\/p>\n\n\n\n<h3 class=\"wp-block-heading\">Kilpaileminen<\/h3>\n\n\n\n<p>Kilpailuluvasta ja sen hakemisesta voit lukea lis\u00e4\u00e4 <a href=\"https:\/\/melarat.net\/index.php\/kilpaileminen\/\" data-type=\"page\" data-id=\"71\">Kilpaileminen<\/a>-sivulta.<\/p>\n\n\n\n<p><br><\/p>\n<\/div>\n\n\n\n<div class=\"wp-block-column is-layout-flow wp-block-column-is-layout-flow\">\n<figure class=\"wp-block-image size-large is-style-rounded\"><img loading=\"lazy\" decoding=\"async\" width=\"704\" height=\"1024\" src=\"https:\/\/melarat.net\/wp-content\/uploads\/2022\/03\/242211824_220519130121961_6877387499751982962_n-704x1024.jpg\" alt=\"\" class=\"wp-image-218\" srcset=\"https:\/\/melarat.net\/wp-content\/uploads\/2022\/03\/242211824_220519130121961_6877387499751982962_n-704x1024.jpg 704w, https:\/\/melarat.net\/wp-content\/uploads\/2022\/03\/242211824_220519130121961_6877387499751982962_n-206x300.jpg 206w, https:\/\/melarat.net\/wp-content\/uploads\/2022\/03\/242211824_220519130121961_6877387499751982962_n-768x1117.jpg 768w, https:\/\/melarat.net\/wp-content\/uploads\/2022\/03\/242211824_220519130121961_6877387499751982962_n-1056x1536.jpg 1056w, https:\/\/melarat.net\/wp-content\/uploads\/2022\/03\/242211824_220519130121961_6877387499751982962_n-1408x2048.jpg 1408w, https:\/\/melarat.net\/wp-content\/uploads\/2022\/03\/242211824_220519130121961_6877387499751982962_n.jpg 1546w\" sizes=\"auto, (max-width: 704px) 100vw, 704px\" \/><\/figure>\n<\/div>\n<\/div>\n\n\n\n<h3 class=\"wp-block-heading\">Henkil\u00f6tietojen k\u00e4sittely<\/h3>\n\n\n\n<p>Ennen j\u00e4seneksi liittymist\u00e4 k\u00e4y tutustumassa SRL:n ja MeLaRan ohjeistuksiin henkil\u00f6tietojen k\u00e4sittelyst\u00e4:<\/p>\n\n\n\n<ul class=\"wp-block-list\">\n<li><a href=\"https:\/\/www.melarat.net\/pdf\/MeLara_Henkil%C3%B6tietojenK%C3%A4sittely_20250812.pdf\" target=\"_blank\" rel=\"noreferrer noopener\">Yleiskuvaus henkil\u00f6tietojen k\u00e4sittelyst\u00e4 Melarassa<\/a><\/li>\n\n\n\n<li><a href=\"https:\/\/www.melarat.net\/pdf\/GDPR2018SuostumusMeriLapinRatsastajat.pdf\" target=\"_blank\" rel=\"noreferrer noopener\">Kuvaus j\u00e4sentietojen ker\u00e4\u00e4misest\u00e4 SRL:n j\u00e4senrekisteriin<\/a><\/li>\n\n\n\n<li><a href=\"https:\/\/www.melarat.net\/pdf\/GDPR2018KilpailuunOsallistuvienHenkil%C3%B6tietojenK%C3%A4sittely.pdf\" target=\"_blank\" rel=\"noreferrer noopener\">Selvitys kilpailuihin osallistuvien tietojen ker\u00e4\u00e4misest\u00e4<\/a><\/li>\n\n\n\n<li><a href=\"https:\/\/www.melarat.net\/pdf\/GDPRyhteisrekisterisopimus2018.pdf\" target=\"_blank\" rel=\"noreferrer noopener\">SRL:n ja Melaran sopimus yhteisrekisterist\u00e4<\/a><\/li>\n<\/ul>\n\n\n\n<h3 class=\"wp-block-heading\">J\u00e4seneksi liittyminen<\/h3>\n\n\n\n<p>Voit liitty\u00e4 MeLaRan&nbsp; j\u00e4seneksi t\u00e4\u00e4ll\u00e4<strong>&nbsp; <\/strong><a href=\"https:\/\/liity.ratsastus.fi\/\"><strong>liity.ratsastus.fi<\/strong><\/a><strong>&nbsp;<\/strong><\/p>\n\n\n\n<p>SRL l\u00e4hett\u00e4\u00e4 kaikille sek\u00e4 vanhoille ett\u00e4 uusille j\u00e4senille j\u00e4senmaksulomakkeen suoraan rekisteritiedoissa olevaan osoitteeseen, joten my\u00f6s &#8221;vanhat&#8221; j\u00e4senet voivat p\u00e4ivitt\u00e4\u00e4 yhteystietonsa kyseisell\u00e4 lomakkeella.<\/p>\n\n\n\n<div style=\"height:100px\" aria-hidden=\"true\" class=\"wp-block-spacer\"><\/div>\n","protected":false},"excerpt":{"rendered":"<p>Jokaisen s\u00e4\u00e4nn\u00f6llisesti ratsastuskoulussa tunnilla k\u00e4yv\u00e4n on suositeltavaa kuulua johonkin ratsastusseuraan. Jos haluat kilpailla, sinun on oltava jonkin SRL:n ratsastusseuran j\u00e4sen. Liity MeLaRan aktiiviseen ja hullun hauskaan seuraan! Jos haluat kysy\u00e4 seuran toimintaan tai j\u00e4senyyteen liittyvist\u00e4 asioista, ota yhteytt\u00e4 j\u00e4sensihteeriimme Krisseen: kristiina.rauma@gmail.com, puh 040-505 2683. J\u00e4senedut: MeLaRa:n j\u00e4senen\u00e4: J\u00e4senmaksut 2026 Huom! [&hellip;]<\/p>\n","protected":false},"author":1,"featured_media":222,"parent":0,"menu_order":0,"comment_status":"closed","ping_status":"closed","template":"","meta":{"footnotes":""},"class_list":["post-65","page","type-page","status-publish","has-post-thumbnail","hentry"],"_links":{"self":[{"href":"https:\/\/melarat.net\/index.php\/wp-json\/wp\/v2\/pages\/65","targetHints":{"allow":["GET"]}}],"collection":[{"href":"https:\/\/melarat.net\/index.php\/wp-json\/wp\/v2\/pages"}],"about":[{"href":"https:\/\/melarat.net\/index.php\/wp-json\/wp\/v2\/types\/page"}],"author":[{"embeddable":true,"href":"https:\/\/melarat.net\/index.php\/wp-json\/wp\/v2\/users\/1"}],"replies":[{"embeddable":true,"href":"https:\/\/melarat.net\/index.php\/wp-json\/wp\/v2\/comments?post=65"}],"version-history":[{"count":18,"href":"https:\/\/melarat.net\/index.php\/wp-json\/wp\/v2\/pages\/65\/revisions"}],"predecessor-version":[{"id":731,"href":"https:\/\/melarat.net\/index.php\/wp-json\/wp\/v2\/pages\/65\/revisions\/731"}],"wp:featuredmedia":[{"embeddable":true,"href":"https:\/\/melarat.net\/index.php\/wp-json\/wp\/v2\/media\/222"}],"wp:attachment":[{"href":"https:\/\/melarat.net\/index.php\/wp-json\/wp\/v2\/media?parent=65"}],"curies":[{"name":"wp","href":"https:\/\/api.w.org\/{rel}","templated":true}]}}