{"id":71,"date":"2022-02-19T12:18:57","date_gmt":"2022-02-19T12:18:57","guid":{"rendered":"https:\/\/melarat.net\/?page_id=71"},"modified":"2024-10-07T12:52:12","modified_gmt":"2024-10-07T12:52:12","slug":"kilpaileminen","status":"publish","type":"page","link":"https:\/\/melarat.net\/index.php\/kilpaileminen\/","title":{"rendered":"Kilpaileminen"},"content":{"rendered":"\n<div class=\"wp-block-columns is-layout-flex wp-container-core-columns-is-layout-28f84493 wp-block-columns-is-layout-flex\">\n<div class=\"wp-block-column is-layout-flow wp-block-column-is-layout-flow\">\n<h3 class=\"wp-block-heading\">Kilpailuluvat<\/h3>\n\n\n\n<p>Voidaksesi osallistua kilpailuihin sinun on oltava jonkin Suomen ratsastajainliiton alaisen seuran j\u00e4sen. <\/p>\n\n\n\n<p>Jos haluat kilpailla (eri tasoja), tarvitset kilpailuluvan.<\/p>\n\n\n\n<p>Erilaiset luvat ja ohjeistukset lunastamiseen l\u00f6ytyv\u00e4t SRL:n sivulta <a href=\"https:\/\/www.ratsastus.fi\/kilpailu-ja-valmennus\/kilpailijalle\/kilpailuluvat\/\">Kilpailuluvat<\/a><br><br>Luvan voi ostaa Suomen Ratsastajainliiton lisenssikaupasta:<br><a href=\"https:\/\/ratsastus.lisenssikauppa.fi\/shop\/\">https:\/\/ratsastus.lisenssikauppa.fi\/shop\/<\/a><\/p>\n<\/div>\n\n\n\n<div class=\"wp-block-column is-layout-flow wp-block-column-is-layout-flow\"><div class=\"wp-block-image is-style-rounded\">\n<figure class=\"aligncenter size-large is-resized\"><img loading=\"lazy\" decoding=\"async\" width=\"683\" height=\"1024\" src=\"https:\/\/melarat.net\/wp-content\/uploads\/2022\/03\/image6-1-683x1024.jpeg\" alt=\"\" class=\"wp-image-291\" style=\"width:342px;height:512px\" srcset=\"https:\/\/melarat.net\/wp-content\/uploads\/2022\/03\/image6-1-683x1024.jpeg 683w, https:\/\/melarat.net\/wp-content\/uploads\/2022\/03\/image6-1-200x300.jpeg 200w, https:\/\/melarat.net\/wp-content\/uploads\/2022\/03\/image6-1-768x1152.jpeg 768w, https:\/\/melarat.net\/wp-content\/uploads\/2022\/03\/image6-1-1024x1536.jpeg 1024w, https:\/\/melarat.net\/wp-content\/uploads\/2022\/03\/image6-1-1365x2048.jpeg 1365w, https:\/\/melarat.net\/wp-content\/uploads\/2022\/03\/image6-1.jpeg 1600w\" sizes=\"auto, (max-width: 683px) 100vw, 683px\" \/><\/figure>\n<\/div><\/div>\n<\/div>\n\n\n\n<p>Jos sinulla on ongelmia luvan hankkimisen j\u00e4lkeen, ota yhteys j\u00e4sensihteeriimme Kristiina Raumaan kristiina.rauma@gmail.com, puh 040 505 2683.<\/p>\n\n\n\n<h3 class=\"wp-block-heading\">Kilpailus\u00e4\u00e4nn\u00f6t<\/h3>\n\n\n\n<p>Yleiset ja lajikohtaiset kilpailus\u00e4\u00e4nn\u00f6t l\u00f6yd\u00e4t Suomen Ratsastajainliitton nettisivuilta: <a href=\"https:\/\/www.ratsastus.fi\/materiaalit\/kilpailusaannot\/\">https:\/\/www.ratsastus.fi\/materiaalit\/kilpailusaannot\/<\/a><\/p>\n\n\n\n<div style=\"height:42px\" aria-hidden=\"true\" class=\"wp-block-spacer\"><\/div>\n\n\n\n<figure class=\"wp-block-image size-full is-style-rounded\"><img loading=\"lazy\" decoding=\"async\" width=\"1024\" height=\"683\" src=\"https:\/\/melarat.net\/wp-content\/uploads\/2022\/03\/242320367_284338703531298_2540599927199985288_n.jpg\" alt=\"\" class=\"wp-image-277\" srcset=\"https:\/\/melarat.net\/wp-content\/uploads\/2022\/03\/242320367_284338703531298_2540599927199985288_n.jpg 1024w, https:\/\/melarat.net\/wp-content\/uploads\/2022\/03\/242320367_284338703531298_2540599927199985288_n-300x200.jpg 300w, https:\/\/melarat.net\/wp-content\/uploads\/2022\/03\/242320367_284338703531298_2540599927199985288_n-768x512.jpg 768w, https:\/\/melarat.net\/wp-content\/uploads\/2022\/03\/242320367_284338703531298_2540599927199985288_n-360x240.jpg 360w\" sizes=\"auto, (max-width: 1024px) 100vw, 1024px\" \/><\/figure>\n\n\n\n<div style=\"height:70px\" aria-hidden=\"true\" class=\"wp-block-spacer\"><\/div>\n\n\n\n<h4 class=\"wp-block-heading\">MeLaRa kouluohjelmat<\/h4>\n\n\n\n<ul class=\"wp-block-list\">\n<li>Melara 2022 Teht\u00e4v\u00e4Special: <a href=\"https:\/\/www.melarat.net\/pdf\/MeLaRa2022TehtavaSpecial.pdf\" target=\"_blank\" rel=\"noreferrer noopener\">https:\/\/www.melarat.net\/pdf\/MeLaRa2022TehtavaSpecial.pdf<\/a><\/li>\n\n\n\n<li>MeLaRa 2010 \u2013 Raviohjelma: <a href=\"https:\/\/www.melarat.net\/pdf\/MeLaRa_2010_raviohj.pdf\">https:\/\/www.melarat.net\/pdf\/MeLaRa_2010_raviohj.pdf<\/a><\/li>\n\n\n\n<li>MeLaRa 2015 \u2013 Raviohjelma: <a href=\"https:\/\/www.melarat.net\/pdf\/MeLaRa_2015_Raviohjelma.pdf\">https:\/\/www.melarat.net\/pdf\/MeLaRa_2015_Raviohjelma.pdf<\/a><\/li>\n\n\n\n<li>MeLaRa Helppo D 2016: <a href=\"https:\/\/www.melarat.net\/pdf\/MeLaRaHelppoD2016.pdf\">https:\/\/www.melarat.net\/pdf\/MeLaRaHelppoD2016.pdf<\/a><\/li>\n\n\n\n<li>MeLaRa Vaativa B SPECIAL 2012: <a href=\"https:\/\/www.melarat.net\/pdf\/VAATIVA_B_MELARA_SPECIAL_2012.pdf\">https:\/\/www.melarat.net\/pdf\/VAATIVA_B_MELARA_SPECIAL_2012.pdf<\/a><\/li>\n<\/ul>\n\n\n\n<h4 class=\"wp-block-heading\">Kilpailutuloksia<\/h4>\n\n\n\n<p>Kilpailutulokset ovat n\u00e4ht\u00e4vill\u00e4 Facebookin Melara-ryhm\u00e4ss\u00e4 ja seuratason tai sit\u00e4 ylempien tasojen tulokset ovat Kipassa. <\/p>\n\n\n\n<p><\/p>\n","protected":false},"excerpt":{"rendered":"<p>Kilpailuluvat Voidaksesi osallistua kilpailuihin sinun on oltava jonkin Suomen ratsastajainliiton alaisen seuran j\u00e4sen. Jos haluat kilpailla (eri tasoja), tarvitset kilpailuluvan. Erilaiset luvat ja ohjeistukset lunastamiseen l\u00f6ytyv\u00e4t SRL:n sivulta Kilpailuluvat Luvan voi ostaa Suomen Ratsastajainliiton lisenssikaupasta:https:\/\/ratsastus.lisenssikauppa.fi\/shop\/ Jos sinulla on ongelmia luvan hankkimisen j\u00e4lkeen, ota yhteys j\u00e4sensihteeriimme Kristiina Raumaan kristiina.rauma@gmail.com, puh 040 [&hellip;]<\/p>\n","protected":false},"author":1,"featured_media":59,"parent":0,"menu_order":0,"comment_status":"closed","ping_status":"closed","template":"","meta":{"footnotes":""},"class_list":["post-71","page","type-page","status-publish","has-post-thumbnail","hentry"],"_links":{"self":[{"href":"https:\/\/melarat.net\/index.php\/wp-json\/wp\/v2\/pages\/71","targetHints":{"allow":["GET"]}}],"collection":[{"href":"https:\/\/melarat.net\/index.php\/wp-json\/wp\/v2\/pages"}],"about":[{"href":"https:\/\/melarat.net\/index.php\/wp-json\/wp\/v2\/types\/page"}],"author":[{"embeddable":true,"href":"https:\/\/melarat.net\/index.php\/wp-json\/wp\/v2\/users\/1"}],"replies":[{"embeddable":true,"href":"https:\/\/melarat.net\/index.php\/wp-json\/wp\/v2\/comments?post=71"}],"version-history":[{"count":34,"href":"https:\/\/melarat.net\/index.php\/wp-json\/wp\/v2\/pages\/71\/revisions"}],"predecessor-version":[{"id":607,"href":"https:\/\/melarat.net\/index.php\/wp-json\/wp\/v2\/pages\/71\/revisions\/607"}],"wp:featuredmedia":[{"embeddable":true,"href":"https:\/\/melarat.net\/index.php\/wp-json\/wp\/v2\/media\/59"}],"wp:attachment":[{"href":"https:\/\/melarat.net\/index.php\/wp-json\/wp\/v2\/media?parent=71"}],"curies":[{"name":"wp","href":"https:\/\/api.w.org\/{rel}","templated":true}]}}