{"id":73,"date":"2022-02-19T12:19:13","date_gmt":"2022-02-19T12:19:13","guid":{"rendered":"https:\/\/melarat.net\/?page_id=73"},"modified":"2026-01-18T19:41:06","modified_gmt":"2026-01-18T19:41:06","slug":"hallitus","status":"publish","type":"page","link":"https:\/\/melarat.net\/index.php\/hallitus\/","title":{"rendered":"Hallitus 2026"},"content":{"rendered":"\n<div class=\"wp-block-columns is-layout-flex wp-container-core-columns-is-layout-28f84493 wp-block-columns-is-layout-flex\">\n<div class=\"wp-block-column is-layout-flow wp-block-column-is-layout-flow\">\n<p><strong>Puheenjohtaja:<\/strong><br><strong>Valmennusvastaava:<\/strong><br>Katariina Pajari <br>puh 040 51 17 387 <br><a href=\"mailto:hevospalvelu@gmail.com\">hevospalvelu@gmail.com<\/a> <br><br><strong>Sihteeri: <\/strong><br>Taina Kaasila <br>puh. 0400 698&nbsp;927<br><a href=\"mailto:taina.kaasila@hotmail.com\">taina.kaasila@hotmail.com<\/a> <br><br><strong>J\u00e4sensihteeri:<\/strong><br><strong>Nuorisovastaava:<br><\/strong>Kristiina Rauma <br>puh 040 505 2683 <br><a href=\"mailto:kristiina.rauma@gmail.com\">kristiina.rauma@gmail.com<\/a> <br><br><strong>Varapuheenjohtaja:<\/strong><br><strong>Palkinto- ja tapahtumavastaava:<\/strong><br><strong>Nuorisovastaava<\/strong>:<br>Kaisu V\u00e4is\u00e4nen<br>Puh. 040&nbsp;520 0764<br><a href=\"mailto:vaisanenkaisu00@gmail.com\">vaisanenkaisu00@gmail.com<\/a><br><br><strong>Kilpailuvastaava:<\/strong><br><strong>Valmennusvastaava:<\/strong><br>Mirelle Autio <br>Puh. 044 561 1129 <br><a href=\"mailto:Mirelle.autio@gmail.com\">Mirelle.autio@gmail.com<\/a><\/p>\n\n\n\n<p><strong>Kanttiinivastaava:<\/strong><br>Maria Kein\u00e4nen<br>Puh. 040&nbsp;748 1973<br><a href=\"mailto:maria75@suomi24.fi\">maria75@suomi24.fi<\/a><br><br>Rinna Kokko<br>Puh. 040&nbsp;686 2599<br><a href=\"mailto:rinna.kokko@gmail.com\">rinna.kokko@gmail.com<\/a><br><br><strong>Turvallisuusvastaava:<\/strong><br>Juho Malinen<br>Puh. 040 722 0010<br><a href=\"mailto:j.malinen.auto1@gmail.com\">j.malinen.auto1@gmail.com<\/a><br><br><strong>Talkoovastaava:<\/strong><br>Jenny Alalahti<br>Puh. 040 527 2923<br><a href=\"jenny.alalahti@outlook.com\" data-type=\"link\" data-id=\"jenny.alalahti@outlook.com\">jenny.alalahti@outlook.com<\/a><\/p>\n\n\n\n<p><strong>Tiedottaja:<\/strong><br>Lyyli Per\u00e4ntie<br>Puh. 040 851 6100<br><a href=\"lyyliperantie@gmail.com\" data-type=\"link\" data-id=\"lyyliperantie@gmail.com\">lyyliperantie@gmail.com<\/a><br><br>Marja-Kaisa L\u00e4\u00e4kk\u00f6l\u00e4 <br>puh 040 759 1313 <br><a href=\"mailto:marja-kaisa.laakkola@cgi.com\">marja-kaisa.laakkola@cgi.com<\/a><br><br><strong>Varaj\u00e4senet:<\/strong><br>Outi Lehtomurto<br>Puh. 040 532 0210<br><a href=\"outi.lehtomurto@gmail.com\" data-type=\"link\" data-id=\"outi.lehtomurto@gmail.com\">outi.lehtomurto@gmail.com<\/a><br><\/p>\n\n\n\n<p><strong>Kanttiinivastaava:<\/strong><br>Henni Kantola<br>Puh. 040 831 3195<br><a href=\"mailto:henni.a.kantola@gmail.com\">henni.a.kantola@gmail.com<\/a><\/p>\n\n\n\n<p><br><strong>Rahastonhoitaja: <\/strong><br>Tiia Per\u00e4ntie <br>puh. 040 706 7025 <br><a href=\"mailto:tiia.perantie@gmail.com\">tiia.perantie@gmail.com<\/a> <br><\/p>\n\n\n\n<p><\/p>\n<\/div>\n<\/div>\n","protected":false},"excerpt":{"rendered":"<p>Puheenjohtaja:Valmennusvastaava:Katariina Pajari puh 040 51 17 387 hevospalvelu@gmail.com Sihteeri: Taina Kaasila puh. 0400 698&nbsp;927taina.kaasila@hotmail.com J\u00e4sensihteeri:Nuorisovastaava:Kristiina Rauma puh 040 505 2683 kristiina.rauma@gmail.com Varapuheenjohtaja:Palkinto- ja tapahtumavastaava:Nuorisovastaava:Kaisu V\u00e4is\u00e4nenPuh. 040&nbsp;520 0764vaisanenkaisu00@gmail.com Kilpailuvastaava:Valmennusvastaava:Mirelle Autio Puh. 044 561 1129 Mirelle.autio@gmail.com Kanttiinivastaava:Maria Kein\u00e4nenPuh. 040&nbsp;748 1973maria75@suomi24.fi Rinna KokkoPuh. 040&nbsp;686 2599rinna.kokko@gmail.com Turvallisuusvastaava:Juho MalinenPuh. 040 722 0010j.malinen.auto1@gmail.com Talkoovastaava:Jenny AlalahtiPuh. 040 [&hellip;]<\/p>\n","protected":false},"author":1,"featured_media":215,"parent":0,"menu_order":0,"comment_status":"closed","ping_status":"closed","template":"","meta":{"footnotes":""},"class_list":["post-73","page","type-page","status-publish","has-post-thumbnail","hentry"],"_links":{"self":[{"href":"https:\/\/melarat.net\/index.php\/wp-json\/wp\/v2\/pages\/73","targetHints":{"allow":["GET"]}}],"collection":[{"href":"https:\/\/melarat.net\/index.php\/wp-json\/wp\/v2\/pages"}],"about":[{"href":"https:\/\/melarat.net\/index.php\/wp-json\/wp\/v2\/types\/page"}],"author":[{"embeddable":true,"href":"https:\/\/melarat.net\/index.php\/wp-json\/wp\/v2\/users\/1"}],"replies":[{"embeddable":true,"href":"https:\/\/melarat.net\/index.php\/wp-json\/wp\/v2\/comments?post=73"}],"version-history":[{"count":17,"href":"https:\/\/melarat.net\/index.php\/wp-json\/wp\/v2\/pages\/73\/revisions"}],"predecessor-version":[{"id":743,"href":"https:\/\/melarat.net\/index.php\/wp-json\/wp\/v2\/pages\/73\/revisions\/743"}],"wp:featuredmedia":[{"embeddable":true,"href":"https:\/\/melarat.net\/index.php\/wp-json\/wp\/v2\/media\/215"}],"wp:attachment":[{"href":"https:\/\/melarat.net\/index.php\/wp-json\/wp\/v2\/media?parent=73"}],"curies":[{"name":"wp","href":"https:\/\/api.w.org\/{rel}","templated":true}]}}