{"id":91,"date":"2022-02-19T12:26:31","date_gmt":"2022-02-19T12:26:31","guid":{"rendered":"https:\/\/melarat.net\/?page_id=91"},"modified":"2026-04-01T07:56:16","modified_gmt":"2026-04-01T07:56:16","slug":"heppakerho","status":"publish","type":"page","link":"https:\/\/melarat.net\/index.php\/heppakerho\/","title":{"rendered":"Heppakerho"},"content":{"rendered":"\n<p>Heppakerhon tarkoituksena on opetella taitoja, jotka lis\u00e4\u00e4v\u00e4t turvallisuutta, edist\u00e4v\u00e4t hevosten hyvinvointia ja auttavat kehittym\u00e4\u00e4n ratsastajana.<\/p>\n\n\n\n<p>Kerho on maksuton ja tarkoitettu Meri-Lapin Hevospalvelun ratsastustuntioppilaille, MeLaRan j\u00e4senille ja perheenj\u00e4senille. (Maksullisista retkist\u00e4, materiaaleista tms. tiedotetaan erikseen)<\/p>\n\n\n\n<p>Heppakerhossa pidet\u00e4\u00e4n hauskaa ja opetellaan yhdess\u00e4 t\u00e4rkeit\u00e4 taitoja hevosten k\u00e4sittelyst\u00e4, hoitamisesta, varustehuollosta jne. Mit\u00e4 kivoja heppajuttuja vaan keksit\u00e4\u00e4n!<\/p>\n\n\n\n<p>Vuonna 2026 kerhoa vet\u00e4v\u00e4t Kristiina Rauma ja Kaisu V\u00e4is\u00e4nen. Kerhoa on tukemassa Horse&amp;Riderin ja SRLn yhteisty\u00f6projekti, jolta on saatu kerhomateriaalit. Kerhon kokoontumisista tiedotetaan hevosenhoitajien WhatsApp-ryhm\u00e4ss\u00e4. Jos haluat liitty\u00e4 ryhm\u00e4\u00e4n, laita viesti\u00e4 Kristiinalle numeroon +358 40 505 2683.<\/p>\n\n\n\n<p>Heppakerhon s\u00e4\u00e4nn\u00f6t:<\/p>\n\n\n\n<ul class=\"wp-block-list\">\n<li>Muutoksista ja muista t\u00e4rkeist\u00e4 asioista tiedotetaan MeLaRa:n Facebook-ryhm\u00e4ss\u00e4.<\/li>\n\n\n\n<li>Talli on hevosten koti, joten tallissa ei saa juosta, hyppi\u00e4, huutaa tai olla ilke\u00e4 hevosille.<\/li>\n\n\n\n<li>Heppakerhossa <strong>ei saa kiusata <\/strong>kavereita, vaan kaikki otetaan mukaan ja ollaan yst\u00e4vi\u00e4!<\/li>\n\n\n\n<li>Kunnioitamme hevosia!<\/li>\n\n\n\n<li>Laitamme tavarat paikoilleen ja siivoamme j\u00e4ljet yhdess\u00e4 kerhon j\u00e4lkeen!<\/li>\n<\/ul>\n","protected":false},"excerpt":{"rendered":"<p>Heppakerhon tarkoituksena on opetella taitoja, jotka lis\u00e4\u00e4v\u00e4t turvallisuutta, edist\u00e4v\u00e4t hevosten hyvinvointia ja auttavat kehittym\u00e4\u00e4n ratsastajana. Kerho on maksuton ja tarkoitettu Meri-Lapin Hevospalvelun ratsastustuntioppilaille, MeLaRan j\u00e4senille ja perheenj\u00e4senille. (Maksullisista retkist\u00e4, materiaaleista tms. tiedotetaan erikseen) Heppakerhossa pidet\u00e4\u00e4n hauskaa ja opetellaan yhdess\u00e4 t\u00e4rkeit\u00e4 taitoja hevosten k\u00e4sittelyst\u00e4, hoitamisesta, varustehuollosta jne. Mit\u00e4 kivoja heppajuttuja vaan [&hellip;]<\/p>\n","protected":false},"author":1,"featured_media":321,"parent":0,"menu_order":0,"comment_status":"closed","ping_status":"closed","template":"","meta":{"footnotes":""},"class_list":["post-91","page","type-page","status-publish","has-post-thumbnail","hentry"],"_links":{"self":[{"href":"https:\/\/melarat.net\/index.php\/wp-json\/wp\/v2\/pages\/91","targetHints":{"allow":["GET"]}}],"collection":[{"href":"https:\/\/melarat.net\/index.php\/wp-json\/wp\/v2\/pages"}],"about":[{"href":"https:\/\/melarat.net\/index.php\/wp-json\/wp\/v2\/types\/page"}],"author":[{"embeddable":true,"href":"https:\/\/melarat.net\/index.php\/wp-json\/wp\/v2\/users\/1"}],"replies":[{"embeddable":true,"href":"https:\/\/melarat.net\/index.php\/wp-json\/wp\/v2\/comments?post=91"}],"version-history":[{"count":4,"href":"https:\/\/melarat.net\/index.php\/wp-json\/wp\/v2\/pages\/91\/revisions"}],"predecessor-version":[{"id":764,"href":"https:\/\/melarat.net\/index.php\/wp-json\/wp\/v2\/pages\/91\/revisions\/764"}],"wp:featuredmedia":[{"embeddable":true,"href":"https:\/\/melarat.net\/index.php\/wp-json\/wp\/v2\/media\/321"}],"wp:attachment":[{"href":"https:\/\/melarat.net\/index.php\/wp-json\/wp\/v2\/media?parent=91"}],"curies":[{"name":"wp","href":"https:\/\/api.w.org\/{rel}","templated":true}]}}